{"id":45,"date":"2021-04-09T13:55:50","date_gmt":"2021-04-09T13:55:50","guid":{"rendered":"https:\/\/themes.muffingroup.com\/be\/mechanic7\/?page_id=45"},"modified":"2022-08-08T11:51:17","modified_gmt":"2022-08-08T09:51:17","slug":"home","status":"publish","type":"page","link":"https:\/\/podnosnikguminski.pl\/","title":{"rendered":"Home"},"content":{"rendered":"","protected":false},"excerpt":{"rendered":"","protected":false},"author":2,"featured_media":0,"parent":0,"menu_order":0,"comment_status":"closed","ping_status":"closed","template":"","meta":{"inline_featured_image":false,"footnotes":""},"class_list":["post-45","page","type-page","status-publish","hentry"],"acf":[],"yoast_head":"<!-- This site is optimized with the Yoast SEO plugin v21.4 - https:\/\/yoast.com\/wordpress\/plugins\/seo\/ -->\n<title>Wynajem Podno\u015bnika Koszowego Stargard, Szczecin - Gumi\u0144ski<\/title>\n<meta name=\"description\" content=\"Oferujemy wynajem podno\u015bnika koszowego na terenie Stargardu, Szczecina i okolic. \u260e Zadzwo\u0144! +48 601 561 786 \u2705 Realizacja od r\u0119ki.\" \/>\n<meta name=\"robots\" content=\"index, follow, max-snippet:-1, max-image-preview:large, max-video-preview:-1\" \/>\n<link rel=\"canonical\" href=\"https:\/\/podnosnikguminski.pl\/\" \/>\n<meta property=\"og:locale\" content=\"pl_PL\" \/>\n<meta property=\"og:type\" content=\"article\" \/>\n<meta property=\"og:title\" content=\"Wynajem Podno\u015bnika Koszowego Stargard, Szczecin - Gumi\u0144ski\" \/>\n<meta property=\"og:description\" content=\"Oferujemy wynajem podno\u015bnika koszowego na terenie Stargardu, Szczecina i okolic. \u260e Zadzwo\u0144! +48 601 561 786 \u2705 Realizacja od r\u0119ki.\" \/>\n<meta property=\"og:url\" content=\"https:\/\/podnosnikguminski.pl\/\" \/>\n<meta property=\"og:site_name\" content=\"Podno\u015bnik Gumi\u0144ski\" \/>\n<meta property=\"article:modified_time\" content=\"2022-08-08T09:51:17+00:00\" \/>\n<meta name=\"twitter:card\" content=\"summary_large_image\" \/>\n<script type=\"application\/ld+json\" class=\"yoast-schema-graph\">{\"@context\":\"https:\/\/schema.org\",\"@graph\":[{\"@type\":\"WebPage\",\"@id\":\"https:\/\/podnosnikguminski.pl\/\",\"url\":\"https:\/\/podnosnikguminski.pl\/\",\"name\":\"Wynajem Podno\u015bnika Koszowego Stargard, Szczecin - Gumi\u0144ski\",\"isPartOf\":{\"@id\":\"https:\/\/podnosnikguminski.pl\/#website\"},\"datePublished\":\"2021-04-09T13:55:50+00:00\",\"dateModified\":\"2022-08-08T09:51:17+00:00\",\"description\":\"Oferujemy wynajem podno\u015bnika koszowego na terenie Stargardu, Szczecina i okolic. \u260e Zadzwo\u0144! +48 601 561 786 \u2705 Realizacja od r\u0119ki.\",\"breadcrumb\":{\"@id\":\"https:\/\/podnosnikguminski.pl\/#breadcrumb\"},\"inLanguage\":\"pl-PL\",\"potentialAction\":[{\"@type\":\"ReadAction\",\"target\":[\"https:\/\/podnosnikguminski.pl\/\"]}]},{\"@type\":\"BreadcrumbList\",\"@id\":\"https:\/\/podnosnikguminski.pl\/#breadcrumb\",\"itemListElement\":[{\"@type\":\"ListItem\",\"position\":1,\"name\":\"Strona g\u0142\u00f3wna\",\"item\":\"https:\/\/podnosnikguminski.pl\/\"},{\"@type\":\"ListItem\",\"position\":2,\"name\":\"Home\"}]},{\"@type\":\"WebSite\",\"@id\":\"https:\/\/podnosnikguminski.pl\/#website\",\"url\":\"https:\/\/podnosnikguminski.pl\/\",\"name\":\"Podno\u015bnik Gumi\u0144ski\",\"description\":\"Do\u015bwiadczeni operatorzy i profesjonalny sprz\u0119t\",\"publisher\":{\"@id\":\"https:\/\/podnosnikguminski.pl\/#organization\"},\"potentialAction\":[{\"@type\":\"SearchAction\",\"target\":{\"@type\":\"EntryPoint\",\"urlTemplate\":\"https:\/\/podnosnikguminski.pl\/?s={search_term_string}\"},\"query-input\":\"required name=search_term_string\"}],\"inLanguage\":\"pl-PL\"},{\"@type\":\"Organization\",\"@id\":\"https:\/\/podnosnikguminski.pl\/#organization\",\"name\":\"Podno\u015bnik Gumi\u0144ski\",\"url\":\"https:\/\/podnosnikguminski.pl\/\",\"logo\":{\"@type\":\"ImageObject\",\"inLanguage\":\"pl-PL\",\"@id\":\"https:\/\/podnosnikguminski.pl\/#\/schema\/logo\/image\/\",\"url\":\"https:\/\/podnosnikguminski.pl\/wp-content\/uploads\/2022\/03\/logo-500.png\",\"contentUrl\":\"https:\/\/podnosnikguminski.pl\/wp-content\/uploads\/2022\/03\/logo-500.png\",\"width\":500,\"height\":120,\"caption\":\"Podno\u015bnik Gumi\u0144ski\"},\"image\":{\"@id\":\"https:\/\/podnosnikguminski.pl\/#\/schema\/logo\/image\/\"}}]}<\/script>\n<!-- \/ Yoast SEO plugin. -->","yoast_head_json":{"title":"Wynajem Podno\u015bnika Koszowego Stargard, Szczecin - Gumi\u0144ski","description":"Oferujemy wynajem podno\u015bnika koszowego na terenie Stargardu, Szczecina i okolic. \u260e Zadzwo\u0144! +48 601 561 786 \u2705 Realizacja od r\u0119ki.","robots":{"index":"index","follow":"follow","max-snippet":"max-snippet:-1","max-image-preview":"max-image-preview:large","max-video-preview":"max-video-preview:-1"},"canonical":"https:\/\/podnosnikguminski.pl\/","og_locale":"pl_PL","og_type":"article","og_title":"Wynajem Podno\u015bnika Koszowego Stargard, Szczecin - Gumi\u0144ski","og_description":"Oferujemy wynajem podno\u015bnika koszowego na terenie Stargardu, Szczecina i okolic. \u260e Zadzwo\u0144! +48 601 561 786 \u2705 Realizacja od r\u0119ki.","og_url":"https:\/\/podnosnikguminski.pl\/","og_site_name":"Podno\u015bnik Gumi\u0144ski","article_modified_time":"2022-08-08T09:51:17+00:00","twitter_card":"summary_large_image","schema":{"@context":"https:\/\/schema.org","@graph":[{"@type":"WebPage","@id":"https:\/\/podnosnikguminski.pl\/","url":"https:\/\/podnosnikguminski.pl\/","name":"Wynajem Podno\u015bnika Koszowego Stargard, Szczecin - Gumi\u0144ski","isPartOf":{"@id":"https:\/\/podnosnikguminski.pl\/#website"},"datePublished":"2021-04-09T13:55:50+00:00","dateModified":"2022-08-08T09:51:17+00:00","description":"Oferujemy wynajem podno\u015bnika koszowego na terenie Stargardu, Szczecina i okolic. \u260e Zadzwo\u0144! +48 601 561 786 \u2705 Realizacja od r\u0119ki.","breadcrumb":{"@id":"https:\/\/podnosnikguminski.pl\/#breadcrumb"},"inLanguage":"pl-PL","potentialAction":[{"@type":"ReadAction","target":["https:\/\/podnosnikguminski.pl\/"]}]},{"@type":"BreadcrumbList","@id":"https:\/\/podnosnikguminski.pl\/#breadcrumb","itemListElement":[{"@type":"ListItem","position":1,"name":"Strona g\u0142\u00f3wna","item":"https:\/\/podnosnikguminski.pl\/"},{"@type":"ListItem","position":2,"name":"Home"}]},{"@type":"WebSite","@id":"https:\/\/podnosnikguminski.pl\/#website","url":"https:\/\/podnosnikguminski.pl\/","name":"Podno\u015bnik Gumi\u0144ski","description":"Do\u015bwiadczeni operatorzy i profesjonalny sprz\u0119t","publisher":{"@id":"https:\/\/podnosnikguminski.pl\/#organization"},"potentialAction":[{"@type":"SearchAction","target":{"@type":"EntryPoint","urlTemplate":"https:\/\/podnosnikguminski.pl\/?s={search_term_string}"},"query-input":"required name=search_term_string"}],"inLanguage":"pl-PL"},{"@type":"Organization","@id":"https:\/\/podnosnikguminski.pl\/#organization","name":"Podno\u015bnik Gumi\u0144ski","url":"https:\/\/podnosnikguminski.pl\/","logo":{"@type":"ImageObject","inLanguage":"pl-PL","@id":"https:\/\/podnosnikguminski.pl\/#\/schema\/logo\/image\/","url":"https:\/\/podnosnikguminski.pl\/wp-content\/uploads\/2022\/03\/logo-500.png","contentUrl":"https:\/\/podnosnikguminski.pl\/wp-content\/uploads\/2022\/03\/logo-500.png","width":500,"height":120,"caption":"Podno\u015bnik Gumi\u0144ski"},"image":{"@id":"https:\/\/podnosnikguminski.pl\/#\/schema\/logo\/image\/"}}]}},"_links":{"self":[{"href":"https:\/\/podnosnikguminski.pl\/index.php\/wp-json\/wp\/v2\/pages\/45","targetHints":{"allow":["GET"]}}],"collection":[{"href":"https:\/\/podnosnikguminski.pl\/index.php\/wp-json\/wp\/v2\/pages"}],"about":[{"href":"https:\/\/podnosnikguminski.pl\/index.php\/wp-json\/wp\/v2\/types\/page"}],"author":[{"embeddable":true,"href":"https:\/\/podnosnikguminski.pl\/index.php\/wp-json\/wp\/v2\/users\/2"}],"replies":[{"embeddable":true,"href":"https:\/\/podnosnikguminski.pl\/index.php\/wp-json\/wp\/v2\/comments?post=45"}],"version-history":[{"count":1,"href":"https:\/\/podnosnikguminski.pl\/index.php\/wp-json\/wp\/v2\/pages\/45\/revisions"}],"predecessor-version":[{"id":176,"href":"https:\/\/podnosnikguminski.pl\/index.php\/wp-json\/wp\/v2\/pages\/45\/revisions\/176"}],"wp:attachment":[{"href":"https:\/\/podnosnikguminski.pl\/index.php\/wp-json\/wp\/v2\/media?parent=45"}],"curies":[{"name":"wp","href":"https:\/\/api.w.org\/{rel}","templated":true}]}}